{"id":860,"date":"2021-12-12T11:47:27","date_gmt":"2021-12-12T11:47:27","guid":{"rendered":"https:\/\/glasspro.md\/wp\/?page_id=860"},"modified":"2024-03-21T19:31:22","modified_gmt":"2024-03-21T19:31:22","slug":"blog","status":"publish","type":"page","link":"https:\/\/glasspro.md\/ru\/blog\/","title":{"rendered":"\u0411\u043b\u043e\u0433"},"content":{"rendered":"<div style=\"height:180px\" aria-hidden=\"true\" class=\"wp-block-spacer\"><\/div>\n\n\n<div class=\"style-398 style-local-860-c1 position-relative\" data-colibri-id=\"860-c1\">\n<div id=\"reusable-sections\" class=\"h-section h-section-global-spacing d-flex align-items-lg-center align-items-md-center align-items-center style-399 style-local-860-c2 position-relative\" data-colibri-component=\"section\" data-colibri-id=\"860-c2\">\n<\/div>\n<\/div>\n\n\n<div class=\"wp-block-group alignfull is-style-twentytwentyone-border has-white-background-color has-background\"><div class=\"wp-block-group__inner-container is-layout-flow wp-block-group-is-layout-flow\">\n<div style=\"height:192px\" aria-hidden=\"true\" class=\"wp-block-spacer\"><\/div>\n\n\n\n<div class=\"wp-block-media-text alignwide is-stacked-on-mobile\" style=\"grid-template-columns:62% auto\"><figure class=\"wp-block-media-text__media\"><img loading=\"lazy\" decoding=\"async\" width=\"1170\" height=\"730\" src=\"https:\/\/glasspro.md\/wp-content\/uploads\/2021\/12\/snowflakes-stars-christmas-6873892-1170x730.jpg\" alt=\"snowflakes, stars, christmas-6873892.jpg\" class=\"wp-image-2097 size-full\"\/><\/figure><div class=\"wp-block-media-text__content\">\n<h1 class=\"wp-block-heading\">Glasspro \u0436\u0435\u043b\u0430\u0435\u0442 \u0432\u0441\u0435\u043c \u0441\u0447\u0430\u0441\u0442\u043b\u0438\u0432\u044b\u0445 \u043f\u0440\u0430\u0437\u0434\u043d\u0438\u043a\u043e\u0432<\/h1>\n\n\n\n<p><\/p>\n\n\n\n<div class=\"wp-block-buttons is-layout-flex wp-block-buttons-is-layout-flex\"><\/div>\n<\/div><\/div>\n<\/div><\/div>\n\n\n\n<div style=\"height:151px\" aria-hidden=\"true\" class=\"wp-block-spacer\"><\/div>\n\n\n\n<iframe src=\"https:\/\/www.google.com\/maps\/embed?pb=!1m14!1m8!1m3!1d10885.67436289725!2d28.8851117!3d46.9927533!3m2!1i1024!2i768!4f13.1!3m3!1m2!1s0x0%3A0xba838298b931d65b!2sGlasspro!5e0!3m2!1sru!2s!4v1652787908195!5m2!1sru!2s\" width=\"1840\" height=\"450\" style=\"border:0;\" allowfullscreen=\"\" loading=\"lazy\" referrerpolicy=\"no-referrer-when-downgrade\"><\/iframe>\n\n\n\n<div style=\"height:100px\" aria-hidden=\"true\" class=\"wp-block-spacer\"><\/div>\n\n\n\n<div class=\"wp-block-columns is-style-twentytwentyone-columns-overlap is-layout-flex wp-container-core-columns-is-layout-9d6595d7 wp-block-columns-is-layout-flex\">\n<div class=\"wp-block-column is-layout-flow wp-block-column-is-layout-flow\" style=\"flex-basis:100%\">\n<div class=\"wp-block-columns alignwide are-vertically-aligned-top is-style-twentytwentyone-columns-overlap is-layout-flex wp-container-core-columns-is-layout-9d6595d7 wp-block-columns-is-layout-flex\">\n<div class=\"wp-block-column is-vertically-aligned-top is-layout-flow wp-block-column-is-layout-flow\" style=\"flex-basis:1px\"><\/div>\n\n\n\n<div class=\"wp-block-column is-vertically-aligned-top is-layout-flow wp-block-column-is-layout-flow\" style=\"flex-basis:180px\">\n<h3 class=\"wp-block-heading has-text-align-center\"><strong>\u041d\u0430\u0448\u0438 \u041f\u0440\u043e\u0434\u0443\u043a\u0442\u044b<\/strong><\/h3>\n\n\n\n<div class=\"wp-block-group\"><div class=\"wp-block-group__inner-container is-layout-constrained wp-block-group-is-layout-constrained\">\n<p class=\"has-text-align-left has-black-color has-text-color\" style=\"font-size:18px\"><a href=\"https:\/\/glasspro.md\/ru\/pergole-retractabile\/\">\u0420\u0430\u0437\u0434\u0432\u0438\u0436\u043d\u044b\u0435 \u041f\u0435\u0440\u0433\u043e\u043b\u044b<\/a> <a href=\"https:\/\/glasspro.md\/ru\/pergole-bioclimatice\/\">\u0411\u0438\u043e\u043a\u043b\u0438\u043c\u0430\u0442\u0438\u0447\u0435\u0441\u043a\u0438\u0435 \u041f\u0435\u0440\u0433\u043e\u043b\u044b<\/a> <a href=\"https:\/\/glasspro.md\/ru\/geamuri-glisante\/\">\u0420\u0430\u0437\u0434\u0432\u0438\u0436\u043d\u044b\u0435 \u0421\u0442\u0435\u043a\u043b\u044f\u043d\u043d\u044b\u0435 \u0414\u0432\u0435\u0440\u0438<\/a> <a href=\"https:\/\/glasspro.md\/ru\/pergole-bioclimatice-manuale\/\">Pergole Bioclimatice Manuale<\/a> <\/p>\n\n\n\n<p class=\"has-text-align-left has-black-color has-text-color\" style=\"font-size:18px\"><a href=\"https:\/\/glasspro.md\/ru\/geamuri-panoramice\/\">\u041f\u0430\u043d\u043e\u0440\u0430\u043c\u043d\u044b\u0435 \u041e\u043a\u043d\u0430<\/a> <a href=\"https:\/\/glasspro.md\/ru\/delimitari-din-sticla\/\">\u0421\u0442\u0435\u043a\u043b\u044f\u043d\u043d\u044b\u0435 \u0412\u043d\u0443\u0442\u0440\u0435\u043d\u043d\u0438\u0435 \u041f\u0435\u0440\u0435\u0433\u043e\u0440\u043e\u0434\u043a\u0438<\/a> <a href=\"https:\/\/glasspro.md\/ru\/copertine-din-sticla\/\">\u0421\u0442\u0435\u043a\u043b\u044f\u043d\u043d\u044b\u0435 \u041d\u0430\u0432\u0435\u0441\u044b<\/a> <a href=\"https:\/\/glasspro.md\/ru\/balustrade-din-sticla\/\">\u0421\u0442\u0435\u043a\u043b\u044f\u043d\u043d\u044b\u0435 \u041f\u0435\u0440\u0438\u043b\u0430<\/a><\/p>\n<\/div><\/div>\n\n\n\n<p><\/p>\n\n\n\n<p><\/p>\n<\/div>\n\n\n\n<div class=\"wp-block-column is-vertically-aligned-top is-layout-flow wp-block-column-is-layout-flow\">\n<h3 class=\"wp-block-heading has-text-align-center\"><strong>\u041f\u043e\u0434\u043f\u0438\u0441\u044b\u0432\u0430\u0439\u0441\u044f!<\/strong><\/h3>\n\n\n\n<div style=\"height:52px\" aria-hidden=\"true\" class=\"wp-block-spacer\"><\/div>\n\n\n\n<ul class=\"wp-block-social-links items-justified-center is-layout-flex wp-block-social-links-is-layout-flex\"><li class=\"wp-social-link wp-social-link-instagram  wp-block-social-link\"><a href=\"https:\/\/www.instagram.com\/glassprotm\/\" class=\"wp-block-social-link-anchor\"><svg width=\"24\" height=\"24\" viewbox=\"0 0 24 24\" version=\"1.1\" xmlns=\"http:\/\/www.w3.org\/2000\/svg\" aria-hidden=\"true\" focusable=\"false\"><path d=\"M12,4.622c2.403,0,2.688,0.009,3.637,0.052c0.877,0.04,1.354,0.187,1.671,0.31c0.42,0.163,0.72,0.358,1.035,0.673 c0.315,0.315,0.51,0.615,0.673,1.035c0.123,0.317,0.27,0.794,0.31,1.671c0.043,0.949,0.052,1.234,0.052,3.637 s-0.009,2.688-0.052,3.637c-0.04,0.877-0.187,1.354-0.31,1.671c-0.163,0.42-0.358,0.72-0.673,1.035 c-0.315,0.315-0.615,0.51-1.035,0.673c-0.317,0.123-0.794,0.27-1.671,0.31c-0.949,0.043-1.233,0.052-3.637,0.052 s-2.688-0.009-3.637-0.052c-0.877-0.04-1.354-0.187-1.671-0.31c-0.42-0.163-0.72-0.358-1.035-0.673 c-0.315-0.315-0.51-0.615-0.673-1.035c-0.123-0.317-0.27-0.794-0.31-1.671C4.631,14.688,4.622,14.403,4.622,12 s0.009-2.688,0.052-3.637c0.04-0.877,0.187-1.354,0.31-1.671c0.163-0.42,0.358-0.72,0.673-1.035 c0.315-0.315,0.615-0.51,1.035-0.673c0.317-0.123,0.794-0.27,1.671-0.31C9.312,4.631,9.597,4.622,12,4.622 M12,3 C9.556,3,9.249,3.01,8.289,3.054C7.331,3.098,6.677,3.25,6.105,3.472C5.513,3.702,5.011,4.01,4.511,4.511 c-0.5,0.5-0.808,1.002-1.038,1.594C3.25,6.677,3.098,7.331,3.054,8.289C3.01,9.249,3,9.556,3,12c0,2.444,0.01,2.751,0.054,3.711 c0.044,0.958,0.196,1.612,0.418,2.185c0.23,0.592,0.538,1.094,1.038,1.594c0.5,0.5,1.002,0.808,1.594,1.038 c0.572,0.222,1.227,0.375,2.185,0.418C9.249,20.99,9.556,21,12,21s2.751-0.01,3.711-0.054c0.958-0.044,1.612-0.196,2.185-0.418 c0.592-0.23,1.094-0.538,1.594-1.038c0.5-0.5,0.808-1.002,1.038-1.594c0.222-0.572,0.375-1.227,0.418-2.185 C20.99,14.751,21,14.444,21,12s-0.01-2.751-0.054-3.711c-0.044-0.958-0.196-1.612-0.418-2.185c-0.23-0.592-0.538-1.094-1.038-1.594 c-0.5-0.5-1.002-0.808-1.594-1.038c-0.572-0.222-1.227-0.375-2.185-0.418C14.751,3.01,14.444,3,12,3L12,3z M12,7.378 c-2.552,0-4.622,2.069-4.622,4.622S9.448,16.622,12,16.622s4.622-2.069,4.622-4.622S14.552,7.378,12,7.378z M12,15 c-1.657,0-3-1.343-3-3s1.343-3,3-3s3,1.343,3,3S13.657,15,12,15z M16.804,6.116c-0.596,0-1.08,0.484-1.08,1.08 s0.484,1.08,1.08,1.08c0.596,0,1.08-0.484,1.08-1.08S17.401,6.116,16.804,6.116z\"><\/path><\/svg><span class=\"wp-block-social-link-label screen-reader-text\">Instagram<\/span><\/a><\/li>\n\n<li class=\"wp-social-link wp-social-link-facebook  wp-block-social-link\"><a href=\"https:\/\/www.facebook.com\/Glasspro-107708825093466\" class=\"wp-block-social-link-anchor\"><svg width=\"24\" height=\"24\" viewbox=\"0 0 24 24\" version=\"1.1\" xmlns=\"http:\/\/www.w3.org\/2000\/svg\" aria-hidden=\"true\" focusable=\"false\"><path d=\"M12 2C6.5 2 2 6.5 2 12c0 5 3.7 9.1 8.4 9.9v-7H7.9V12h2.5V9.8c0-2.5 1.5-3.9 3.8-3.9 1.1 0 2.2.2 2.2.2v2.5h-1.3c-1.2 0-1.6.8-1.6 1.6V12h2.8l-.4 2.9h-2.3v7C18.3 21.1 22 17 22 12c0-5.5-4.5-10-10-10z\"><\/path><\/svg><span class=\"wp-block-social-link-label screen-reader-text\">Facebook<\/span><\/a><\/li>\n\n<li class=\"wp-social-link wp-social-link-youtube  wp-block-social-link\"><a href=\"https:\/\/youtube.com\" class=\"wp-block-social-link-anchor\"><svg width=\"24\" height=\"24\" viewbox=\"0 0 24 24\" version=\"1.1\" xmlns=\"http:\/\/www.w3.org\/2000\/svg\" aria-hidden=\"true\" focusable=\"false\"><path d=\"M21.8,8.001c0,0-0.195-1.378-0.795-1.985c-0.76-0.797-1.613-0.801-2.004-0.847c-2.799-0.202-6.997-0.202-6.997-0.202 h-0.009c0,0-4.198,0-6.997,0.202C4.608,5.216,3.756,5.22,2.995,6.016C2.395,6.623,2.2,8.001,2.2,8.001S2,9.62,2,11.238v1.517 c0,1.618,0.2,3.237,0.2,3.237s0.195,1.378,0.795,1.985c0.761,0.797,1.76,0.771,2.205,0.855c1.6,0.153,6.8,0.201,6.8,0.201 s4.203-0.006,7.001-0.209c0.391-0.047,1.243-0.051,2.004-0.847c0.6-0.607,0.795-1.985,0.795-1.985s0.2-1.618,0.2-3.237v-1.517 C22,9.62,21.8,8.001,21.8,8.001z M9.935,14.594l-0.001-5.62l5.404,2.82L9.935,14.594z\"><\/path><\/svg><span class=\"wp-block-social-link-label screen-reader-text\">YouTube<\/span><\/a><\/li><\/ul>\n<\/div>\n\n\n\n<div class=\"wp-block-column is-vertically-aligned-top is-layout-flow wp-block-column-is-layout-flow\">\n<h3 class=\"wp-block-heading has-text-align-center\"><strong>\u041d\u0430\u0448\u0438 \u041a\u043e\u043d\u0442\u0430\u043a\u0442\u044b<\/strong><\/h3>\n\n\n\n<div style=\"height:6px\" aria-hidden=\"true\" class=\"wp-block-spacer\"><\/div>\n\n\n\n<p class=\"has-normal-font-size\">\ud83d\udccc  Rep. Moldova, Chi\u0219in\u0103u, Str. Gradina Botanica 2\/1<\/p>\n\n\n\n<p><\/p>\n\n\n\n<p>\ud83d\udcde  +373 69443913<\/p>\n\n\n\n<p>\ud83d\udce9    office@glasspro.md <\/p>\n<\/div>\n\n\n\n<div class=\"wp-block-column is-vertically-aligned-top is-layout-flow wp-block-column-is-layout-flow\">\n<h3 class=\"wp-block-heading has-text-align-center\"><strong>\u0413\u0440\u0430\u0444\u0438\u043a \u0420\u0430\u0431\u043e\u0442\u044b<\/strong><\/h3>\n\n\n\n<div style=\"height:22px\" aria-hidden=\"true\" class=\"wp-block-spacer\"><\/div>\n\n\n\n<p class=\"has-text-align-left\">\ud83d\udcc5    \u041f\u043e\u043d\u0435\u0434\u0435\u043b\u044c\u043d\u0438\u043a-\u041f\u044f\u0442\u043d\u0438\u0446\u0430  \u23f1  09:00-17:00<br> \ud83d\udcc5 S\u00e2mb\u0103t\u0103<\/p>\n\n\n\n<p class=\"has-text-align-left\">\ud83d\udcc5 Duminica<\/p>\n\n\n\n<div class=\"wp-block-group is-nowrap is-layout-flex wp-container-core-group-is-layout-ad2f72ca wp-block-group-is-layout-flex\"><\/div>\n\n\n\n<div class=\"wp-block-group is-nowrap is-layout-flex wp-container-core-group-is-layout-ad2f72ca wp-block-group-is-layout-flex\"><\/div>\n<\/div>\n<\/div>\n<\/div>\n<\/div>","protected":false},"excerpt":{"rendered":"<p> [&hellip;]<\/p>\n","protected":false},"author":1,"featured_media":0,"parent":0,"menu_order":0,"comment_status":"closed","ping_status":"closed","template":"redux-templates_contained","meta":{"_uag_custom_page_level_css":"","pgc_sgb_lightbox_settings":"","iawp_total_views":60,"footnotes":""},"class_list":["post-860","page","type-page","status-publish","hentry"],"yoast_head":"<!-- This site is optimized with the Yoast SEO plugin v24.3 - https:\/\/yoast.com\/wordpress\/plugins\/seo\/ -->\n<title>Blog - Glasspro<\/title>\n<meta name=\"robots\" content=\"index, follow, max-snippet:-1, max-image-preview:large, max-video-preview:-1\" \/>\n<link rel=\"canonical\" href=\"https:\/\/glasspro.md\/ru\/blog\/\" \/>\n<meta property=\"og:locale\" content=\"ru_RU\" \/>\n<meta property=\"og:type\" content=\"article\" \/>\n<meta property=\"og:title\" content=\"Blog - Glasspro\" \/>\n<meta property=\"og:description\" content=\"[&hellip;]\" \/>\n<meta property=\"og:url\" content=\"https:\/\/glasspro.md\/ru\/blog\/\" \/>\n<meta property=\"og:site_name\" content=\"Glasspro\" \/>\n<meta property=\"article:publisher\" content=\"https:\/\/www.facebook.com\/GlassproMoldova\" \/>\n<meta property=\"article:modified_time\" content=\"2024-03-21T19:31:22+00:00\" \/>\n<meta property=\"og:image\" content=\"https:\/\/glasspro.md\/wp-content\/uploads\/2021\/12\/snowflakes-stars-christmas-6873892.jpg\" \/>\n\t<meta property=\"og:image:width\" content=\"1280\" \/>\n\t<meta property=\"og:image:height\" content=\"853\" \/>\n\t<meta property=\"og:image:type\" content=\"image\/jpeg\" \/>\n<meta name=\"twitter:card\" content=\"summary_large_image\" \/>\n<script type=\"application\/ld+json\" class=\"yoast-schema-graph\">{\"@context\":\"https:\/\/schema.org\",\"@graph\":[{\"@type\":\"WebPage\",\"@id\":\"https:\/\/glasspro.md\/blog\/\",\"url\":\"https:\/\/glasspro.md\/blog\/\",\"name\":\"Blog - Glasspro\",\"isPartOf\":{\"@id\":\"https:\/\/glasspro.md\/#website\"},\"primaryImageOfPage\":{\"@id\":\"https:\/\/glasspro.md\/blog\/#primaryimage\"},\"image\":{\"@id\":\"https:\/\/glasspro.md\/blog\/#primaryimage\"},\"thumbnailUrl\":\"https:\/\/glasspro.md\/wp-content\/uploads\/2021\/12\/snowflakes-stars-christmas-6873892-1170x730.jpg\",\"datePublished\":\"2021-12-12T11:47:27+00:00\",\"dateModified\":\"2024-03-21T19:31:22+00:00\",\"breadcrumb\":{\"@id\":\"https:\/\/glasspro.md\/blog\/#breadcrumb\"},\"inLanguage\":\"ru-RU\",\"potentialAction\":[{\"@type\":\"ReadAction\",\"target\":[\"https:\/\/glasspro.md\/blog\/\"]}]},{\"@type\":\"ImageObject\",\"inLanguage\":\"ru-RU\",\"@id\":\"https:\/\/glasspro.md\/blog\/#primaryimage\",\"url\":\"https:\/\/glasspro.md\/wp-content\/uploads\/2021\/12\/snowflakes-stars-christmas-6873892-1170x730.jpg\",\"contentUrl\":\"https:\/\/glasspro.md\/wp-content\/uploads\/2021\/12\/snowflakes-stars-christmas-6873892-1170x730.jpg\"},{\"@type\":\"BreadcrumbList\",\"@id\":\"https:\/\/glasspro.md\/blog\/#breadcrumb\",\"itemListElement\":[{\"@type\":\"ListItem\",\"position\":1,\"name\":\"Prima pagin\u0103\",\"item\":\"https:\/\/glasspro.md\/\"},{\"@type\":\"ListItem\",\"position\":2,\"name\":\"Blog\"}]},{\"@type\":\"WebSite\",\"@id\":\"https:\/\/glasspro.md\/#website\",\"url\":\"https:\/\/glasspro.md\/\",\"name\":\"Glasspro\",\"description\":\"Experienta Calitate Pret\",\"publisher\":{\"@id\":\"https:\/\/glasspro.md\/#organization\"},\"potentialAction\":[{\"@type\":\"SearchAction\",\"target\":{\"@type\":\"EntryPoint\",\"urlTemplate\":\"https:\/\/glasspro.md\/?s={search_term_string}\"},\"query-input\":{\"@type\":\"PropertyValueSpecification\",\"valueRequired\":true,\"valueName\":\"search_term_string\"}}],\"inLanguage\":\"ru-RU\"},{\"@type\":\"Organization\",\"@id\":\"https:\/\/glasspro.md\/#organization\",\"name\":\"Glasspro\",\"url\":\"https:\/\/glasspro.md\/\",\"logo\":{\"@type\":\"ImageObject\",\"inLanguage\":\"ru-RU\",\"@id\":\"https:\/\/glasspro.md\/#\/schema\/logo\/image\/\",\"url\":\"https:\/\/glasspro.md\/wp-content\/uploads\/2024\/06\/WhatsApp-Image-2024-04-15-at-15.00.07_9618598e.jpg\",\"contentUrl\":\"https:\/\/glasspro.md\/wp-content\/uploads\/2024\/06\/WhatsApp-Image-2024-04-15-at-15.00.07_9618598e.jpg\",\"width\":1024,\"height\":768,\"caption\":\"Glasspro\"},\"image\":{\"@id\":\"https:\/\/glasspro.md\/#\/schema\/logo\/image\/\"},\"sameAs\":[\"https:\/\/www.facebook.com\/GlassproMoldova\"]}]}<\/script>\n<!-- \/ Yoast SEO plugin. -->","yoast_head_json":{"title":"Blog - Glasspro","robots":{"index":"index","follow":"follow","max-snippet":"max-snippet:-1","max-image-preview":"max-image-preview:large","max-video-preview":"max-video-preview:-1"},"canonical":"https:\/\/glasspro.md\/ru\/blog\/","og_locale":"ru_RU","og_type":"article","og_title":"Blog - Glasspro","og_description":"[&hellip;]","og_url":"https:\/\/glasspro.md\/ru\/blog\/","og_site_name":"Glasspro","article_publisher":"https:\/\/www.facebook.com\/GlassproMoldova","article_modified_time":"2024-03-21T19:31:22+00:00","og_image":[{"width":1280,"height":853,"url":"https:\/\/glasspro.md\/wp-content\/uploads\/2021\/12\/snowflakes-stars-christmas-6873892.jpg","type":"image\/jpeg"}],"twitter_card":"summary_large_image","schema":{"@context":"https:\/\/schema.org","@graph":[{"@type":"WebPage","@id":"https:\/\/glasspro.md\/blog\/","url":"https:\/\/glasspro.md\/blog\/","name":"Blog - Glasspro","isPartOf":{"@id":"https:\/\/glasspro.md\/#website"},"primaryImageOfPage":{"@id":"https:\/\/glasspro.md\/blog\/#primaryimage"},"image":{"@id":"https:\/\/glasspro.md\/blog\/#primaryimage"},"thumbnailUrl":"https:\/\/glasspro.md\/wp-content\/uploads\/2021\/12\/snowflakes-stars-christmas-6873892-1170x730.jpg","datePublished":"2021-12-12T11:47:27+00:00","dateModified":"2024-03-21T19:31:22+00:00","breadcrumb":{"@id":"https:\/\/glasspro.md\/blog\/#breadcrumb"},"inLanguage":"ru-RU","potentialAction":[{"@type":"ReadAction","target":["https:\/\/glasspro.md\/blog\/"]}]},{"@type":"ImageObject","inLanguage":"ru-RU","@id":"https:\/\/glasspro.md\/blog\/#primaryimage","url":"https:\/\/glasspro.md\/wp-content\/uploads\/2021\/12\/snowflakes-stars-christmas-6873892-1170x730.jpg","contentUrl":"https:\/\/glasspro.md\/wp-content\/uploads\/2021\/12\/snowflakes-stars-christmas-6873892-1170x730.jpg"},{"@type":"BreadcrumbList","@id":"https:\/\/glasspro.md\/blog\/#breadcrumb","itemListElement":[{"@type":"ListItem","position":1,"name":"Prima pagin\u0103","item":"https:\/\/glasspro.md\/"},{"@type":"ListItem","position":2,"name":"Blog"}]},{"@type":"WebSite","@id":"https:\/\/glasspro.md\/#website","url":"https:\/\/glasspro.md\/","name":"Glasspro","description":"\u041a\u0430\u0447\u0435\u0441\u0442\u0432\u043e \u041e\u043f\u044b\u0442 \u0426\u0435\u043d\u0430","publisher":{"@id":"https:\/\/glasspro.md\/#organization"},"potentialAction":[{"@type":"SearchAction","target":{"@type":"EntryPoint","urlTemplate":"https:\/\/glasspro.md\/?s={search_term_string}"},"query-input":{"@type":"PropertyValueSpecification","valueRequired":true,"valueName":"search_term_string"}}],"inLanguage":"ru-RU"},{"@type":"Organization","@id":"https:\/\/glasspro.md\/#organization","name":"Glasspro","url":"https:\/\/glasspro.md\/","logo":{"@type":"ImageObject","inLanguage":"ru-RU","@id":"https:\/\/glasspro.md\/#\/schema\/logo\/image\/","url":"https:\/\/glasspro.md\/wp-content\/uploads\/2024\/06\/WhatsApp-Image-2024-04-15-at-15.00.07_9618598e.jpg","contentUrl":"https:\/\/glasspro.md\/wp-content\/uploads\/2024\/06\/WhatsApp-Image-2024-04-15-at-15.00.07_9618598e.jpg","width":1024,"height":768,"caption":"Glasspro"},"image":{"@id":"https:\/\/glasspro.md\/#\/schema\/logo\/image\/"},"sameAs":["https:\/\/www.facebook.com\/GlassproMoldova"]}]}},"uagb_featured_image_src":{"full":false,"thumbnail":false,"medium":false,"medium_large":false,"large":false,"1536x1536":false,"2048x2048":false,"trp-custom-language-flag":false,"cousteau_pro_plugin_featgal_small_thumb":false,"post-thumbnail":false,"cousteau_pro_item":false,"cousteau_pro_item_tour":false,"cousteau_pro_item_media":false,"cousteau_pro_fullwidth":false,"cousteau_pro_hero":false,"cousteau_pro_slide":false,"woocommerce_thumbnail":false,"woocommerce_single":false,"woocommerce_gallery_thumbnail":false},"uagb_author_info":{"display_name":"admin","author_link":"https:\/\/glasspro.md\/ru\/author\/admin\/"},"uagb_comment_info":0,"uagb_excerpt":"[&hellip;]","_links":{"self":[{"href":"https:\/\/glasspro.md\/ru\/wp-json\/wp\/v2\/pages\/860","targetHints":{"allow":["GET"]}}],"collection":[{"href":"https:\/\/glasspro.md\/ru\/wp-json\/wp\/v2\/pages"}],"about":[{"href":"https:\/\/glasspro.md\/ru\/wp-json\/wp\/v2\/types\/page"}],"author":[{"embeddable":true,"href":"https:\/\/glasspro.md\/ru\/wp-json\/wp\/v2\/users\/1"}],"replies":[{"embeddable":true,"href":"https:\/\/glasspro.md\/ru\/wp-json\/wp\/v2\/comments?post=860"}],"version-history":[{"count":13,"href":"https:\/\/glasspro.md\/ru\/wp-json\/wp\/v2\/pages\/860\/revisions"}],"predecessor-version":[{"id":2232,"href":"https:\/\/glasspro.md\/ru\/wp-json\/wp\/v2\/pages\/860\/revisions\/2232"}],"wp:attachment":[{"href":"https:\/\/glasspro.md\/ru\/wp-json\/wp\/v2\/media?parent=860"}],"curies":[{"name":"wp","href":"https:\/\/api.w.org\/{rel}","templated":true}]}}